{"id":22255,"date":"2024-09-25T20:52:44","date_gmt":"2024-09-25T20:52:44","guid":{"rendered":"https:\/\/vegagroup.al\/kontaktoni\/"},"modified":"2025-02-28T16:52:48","modified_gmt":"2025-02-28T16:52:48","slug":"kontaktoni","status":"publish","type":"page","link":"https:\/\/vegagroup.al\/sq\/kontaktoni\/","title":{"rendered":"Kontaktoni"},"content":{"rendered":"\t\t<div data-elementor-type=\"wp-page\" data-elementor-id=\"22255\" class=\"elementor elementor-22255 elementor-6241\" data-elementor-post-type=\"page\">\n\t\t\t\t\t\t<section class=\"elementor-section elementor-top-section elementor-element elementor-element-78579a3 elementor-section-full_width elementor-section-height-min-height elementor-section-items-top elementor-section-height-default\" data-id=\"78579a3\" data-element_type=\"section\" data-settings=\"{&quot;background_background&quot;:&quot;classic&quot;}\">\n\t\t\t\t\t\t<div class=\"elementor-container elementor-column-gap-no\">\n\t\t\t\t\t<div class=\"elementor-column elementor-col-50 elementor-top-column elementor-element elementor-element-74e6ab7 elementor-hidden-tablet elementor-hidden-mobile\" data-id=\"74e6ab7\" data-element_type=\"column\" data-settings=\"{&quot;background_background&quot;:&quot;classic&quot;}\">\n\t\t\t<div class=\"elementor-widget-wrap\">\n\t\t\t\t\t\t\t<\/div>\n\t\t<\/div>\n\t\t\t\t<div class=\"elementor-column elementor-col-50 elementor-top-column elementor-element elementor-element-7a3390e\" data-id=\"7a3390e\" data-element_type=\"column\" data-settings=\"{&quot;background_background&quot;:&quot;classic&quot;}\">\n\t\t\t<div class=\"elementor-widget-wrap elementor-element-populated\">\n\t\t\t\t\t<div class=\"elementor-background-overlay\"><\/div>\n\t\t\t\t\t\t<div class=\"elementor-element elementor-element-abef3f5 elementor-widget__width-initial elementor-hidden-tablet elementor-hidden-mobile elementor-widget elementor-widget-image\" data-id=\"abef3f5\" data-element_type=\"widget\" data-widget_type=\"image.default\">\n\t\t\t\t<div class=\"elementor-widget-container\">\n\t\t\t\t\t\t\t\t\t\t\t\t\t\t\t<img decoding=\"async\" width=\"249\" height=\"99\" src=\"https:\/\/vegagroup.al\/wp-content\/uploads\/2024\/05\/logo-footer-1.png\" class=\"attachment-large size-large wp-image-21498\" alt=\"\" title=\"\">\t\t\t\t\t\t\t\t\t\t\t\t\t\t\t<\/div>\n\t\t\t\t<\/div>\n\t\t\t\t<div class=\"elementor-element elementor-element-6932ed7 elementor-icon-list--layout-traditional elementor-list-item-link-full_width elementor-widget elementor-widget-icon-list\" data-id=\"6932ed7\" data-element_type=\"widget\" data-widget_type=\"icon-list.default\">\n\t\t\t\t<div class=\"elementor-widget-container\">\n\t\t\t\t\t\t\t<ul class=\"elementor-icon-list-items\">\n\t\t\t\t\t\t\t<li class=\"elementor-icon-list-item\">\n\t\t\t\t\t\t\t\t\t\t\t<a href=\"mailto:info@vegagroup.al\">\n\n\t\t\t\t\t\t\t\t\t\t\t\t<span class=\"elementor-icon-list-icon\">\n\t\t\t\t\t\t\t<svg aria-hidden=\"true\" class=\"e-font-icon-svg e-fas-envelope\" viewBox=\"0 0 512 512\" xmlns=\"http:\/\/www.w3.org\/2000\/svg\"><path d=\"M502.3 190.8c3.9-3.1 9.7-.2 9.7 4.7V400c0 26.5-21.5 48-48 48H48c-26.5 0-48-21.5-48-48V195.6c0-5 5.7-7.8 9.7-4.7 22.4 17.4 52.1 39.5 154.1 113.6 21.1 15.4 56.7 47.8 92.2 47.6 35.7.3 72-32.8 92.3-47.6 102-74.1 131.6-96.3 154-113.7zM256 320c23.2.4 56.6-29.2 73.4-41.4 132.7-96.3 142.8-104.7 173.4-128.7 5.8-4.5 9.2-11.5 9.2-18.9v-19c0-26.5-21.5-48-48-48H48C21.5 64 0 85.5 0 112v19c0 7.4 3.4 14.3 9.2 18.9 30.6 23.9 40.7 32.4 173.4 128.7 16.8 12.2 50.2 41.8 73.4 41.4z\"><\/path><\/svg>\t\t\t\t\t\t<\/span>\n\t\t\t\t\t\t\t\t\t\t<span class=\"elementor-icon-list-text\">info@vegagroup.al<\/span>\n\t\t\t\t\t\t\t\t\t\t\t<\/a>\n\t\t\t\t\t\t\t\t\t<\/li>\n\t\t\t\t\t\t\t\t<li class=\"elementor-icon-list-item\">\n\t\t\t\t\t\t\t\t\t\t\t<a href=\"tel:+355692021115\">\n\n\t\t\t\t\t\t\t\t\t\t\t\t<span class=\"elementor-icon-list-icon\">\n\t\t\t\t\t\t\t<svg aria-hidden=\"true\" class=\"e-font-icon-svg e-fas-phone\" viewBox=\"0 0 512 512\" xmlns=\"http:\/\/www.w3.org\/2000\/svg\"><path d=\"M493.4 24.6l-104-24c-11.3-2.6-22.9 3.3-27.5 13.9l-48 112c-4.2 9.8-1.4 21.3 6.9 28l60.6 49.6c-36 76.7-98.9 140.5-177.2 177.2l-49.6-60.6c-6.8-8.3-18.2-11.1-28-6.9l-112 48C3.9 366.5-2 378.1.6 389.4l24 104C27.1 504.2 36.7 512 48 512c256.1 0 464-207.5 464-464 0-11.2-7.7-20.9-18.6-23.4z\"><\/path><\/svg>\t\t\t\t\t\t<\/span>\n\t\t\t\t\t\t\t\t\t\t<span class=\"elementor-icon-list-text\">+355 69 202 1115<\/span>\n\t\t\t\t\t\t\t\t\t\t\t<\/a>\n\t\t\t\t\t\t\t\t\t<\/li>\n\t\t\t\t\t\t\t\t<li class=\"elementor-icon-list-item\">\n\t\t\t\t\t\t\t\t\t\t\t<a href=\"https:\/\/maps.app.goo.gl\/Fsq51McTE1Ay6kGUA\" target=\"_blank\" rel=\"noopener\">\n\n\t\t\t\t\t\t\t\t\t\t\t\t<span class=\"elementor-icon-list-icon\">\n\t\t\t\t\t\t\t<svg aria-hidden=\"true\" class=\"e-font-icon-svg e-fas-map-pin\" viewBox=\"0 0 288 512\" xmlns=\"http:\/\/www.w3.org\/2000\/svg\"><path d=\"M112 316.94v156.69l22.02 33.02c4.75 7.12 15.22 7.12 19.97 0L176 473.63V316.94c-10.39 1.92-21.06 3.06-32 3.06s-21.61-1.14-32-3.06zM144 0C64.47 0 0 64.47 0 144s64.47 144 144 144 144-64.47 144-144S223.53 0 144 0zm0 76c-37.5 0-68 30.5-68 68 0 6.62-5.38 12-12 12s-12-5.38-12-12c0-50.73 41.28-92 92-92 6.62 0 12 5.38 12 12s-5.38 12-12 12z\"><\/path><\/svg>\t\t\t\t\t\t<\/span>\n\t\t\t\t\t\t\t\t\t\t<span class=\"elementor-icon-list-text\">Rruga Ndre Mjeda, Kompleksi Magnet, Pallati Ara, Tirane, Shqiperi<\/span>\n\t\t\t\t\t\t\t\t\t\t\t<\/a>\n\t\t\t\t\t\t\t\t\t<\/li>\n\t\t\t\t\t\t<\/ul>\n\t\t\t\t\t\t<\/div>\n\t\t\t\t<\/div>\n\t\t\t\t<div class=\"elementor-element elementor-element-4d0a5f1 elementor-widget elementor-widget-leroux_core_section_title\" data-id=\"4d0a5f1\" data-element_type=\"widget\" data-widget_type=\"leroux_core_section_title.default\">\n\t\t\t\t<div class=\"elementor-widget-container\">\n\t\t\t\t\t<div class=\"qodef-shortcode qodef-m  qodef-section-title qodef-alignment--left \">\n\t\t<h1 class=\"qodef-m-title\" style=\"color: #FFFFFF\">\n\t\t\t\t\tNa kontaktoni n\u00eb \u00e7do koh\u00eb\t\t\t<\/h1>\n\t<\/div>\n\t\t\t\t<\/div>\n\t\t\t\t<\/div>\n\t\t\t\t<div class=\"elementor-element elementor-element-1828c70 elementor-button-align-stretch elementor-widget elementor-widget-form\" data-id=\"1828c70\" data-element_type=\"widget\" data-settings=\"{&quot;button_width&quot;:&quot;20&quot;,&quot;step_next_label&quot;:&quot;Tjetra&quot;,&quot;step_previous_label&quot;:&quot;E m\\u00ebparshme&quot;,&quot;step_type&quot;:&quot;number_text&quot;,&quot;step_icon_shape&quot;:&quot;circle&quot;}\" data-widget_type=\"form.default\">\n\t\t\t\t<div class=\"elementor-widget-container\">\n\t\t\t\t\t\t\t<form class=\"elementor-form\" method=\"post\" name=\"Forma Kontaktit\" aria-label=\"Forma Kontaktit\">\n\t\t\t<input type=\"hidden\" name=\"post_id\" value=\"22255\"\/>\n\t\t\t<input type=\"hidden\" name=\"form_id\" value=\"1828c70\"\/>\n\t\t\t<input type=\"hidden\" name=\"referer_title\" value=\"\" \/>\n\n\t\t\t\n\t\t\t<div class=\"elementor-form-fields-wrapper elementor-labels-\">\n\t\t\t\t\t\t\t\t<div class=\"elementor-field-type-text elementor-field-group elementor-column elementor-field-group-name elementor-col-50 elementor-field-required\">\n\t\t\t\t\t\t\t\t\t\t\t\t<label for=\"form-field-name\" class=\"elementor-field-label elementor-screen-only\">\n\t\t\t\t\t\t\t\tEmri\t\t\t\t\t\t\t<\/label>\n\t\t\t\t\t\t\t\t\t\t\t\t\t\t<input size=\"1\" type=\"text\" name=\"form_fields[name]\" id=\"form-field-name\" class=\"elementor-field elementor-size-sm  elementor-field-textual\" placeholder=\"Emri*\" required=\"required\">\n\t\t\t\t\t\t\t\t\t\t\t<\/div>\n\t\t\t\t\t\t\t\t<div class=\"elementor-field-type-email elementor-field-group elementor-column elementor-field-group-email elementor-col-50 elementor-field-required\">\n\t\t\t\t\t\t\t\t\t\t\t\t<label for=\"form-field-email\" class=\"elementor-field-label elementor-screen-only\">\n\t\t\t\t\t\t\t\tEmail\t\t\t\t\t\t\t<\/label>\n\t\t\t\t\t\t\t\t\t\t\t\t\t\t<input size=\"1\" type=\"email\" name=\"form_fields[email]\" id=\"form-field-email\" class=\"elementor-field elementor-size-sm  elementor-field-textual\" placeholder=\"Email*\" required=\"required\">\n\t\t\t\t\t\t\t\t\t\t\t<\/div>\n\t\t\t\t\t\t\t\t<div class=\"elementor-field-type-textarea elementor-field-group elementor-column elementor-field-group-message elementor-col-100 elementor-field-required\">\n\t\t\t\t\t\t\t\t\t\t\t\t<label for=\"form-field-message\" class=\"elementor-field-label elementor-screen-only\">\n\t\t\t\t\t\t\t\tMesazhi\t\t\t\t\t\t\t<\/label>\n\t\t\t\t\t\t<textarea class=\"elementor-field-textual elementor-field  elementor-size-sm\" name=\"form_fields[message]\" id=\"form-field-message\" rows=\"4\" placeholder=\"Mesazh*\" required=\"required\"><\/textarea>\t\t\t\t<\/div>\n\t\t\t\t\t\t\t\t<div class=\"elementor-field-group elementor-column elementor-field-type-submit elementor-col-20 e-form__buttons\">\n\t\t\t\t\t<button class=\"elementor-button elementor-size-sm\" type=\"submit\">\n\t\t\t\t\t\t<span class=\"elementor-button-content-wrapper\">\n\t\t\t\t\t\t\t\t\t\t\t\t\t\t\t\t\t\t\t\t\t\t<span class=\"elementor-button-text\">D\u00ebrgo<\/span>\n\t\t\t\t\t\t\t\t\t\t\t\t\t<\/span>\n\t\t\t\t\t<\/button>\n\t\t\t\t<\/div>\n\t\t\t<\/div>\n\t\t<\/form>\n\t\t\t\t\t\t<\/div>\n\t\t\t\t<\/div>\n\t\t\t\t\t<\/div>\n\t\t<\/div>\n\t\t\t\t\t<\/div>\n\t\t<\/section>\n\t\t<div class=\"elementor-element elementor-element-f78cda3 e-con-full e-flex e-con e-parent\" data-id=\"f78cda3\" data-element_type=\"container\">\n\t\t<div class=\"elementor-element elementor-element-69b60cc e-con-full e-flex e-con e-child\" data-id=\"69b60cc\" data-element_type=\"container\">\n\t\t<div class=\"elementor-element elementor-element-64dd406 e-con-full e-flex e-con e-child\" data-id=\"64dd406\" data-element_type=\"container\">\n\t\t\t\t<div class=\"elementor-element elementor-element-c3ab6c0 elementor-widget elementor-widget-ucaddon_image_zoom_content_box\" data-id=\"c3ab6c0\" data-element_type=\"widget\" data-widget_type=\"ucaddon_image_zoom_content_box.default\">\n\t\t\t\t<div class=\"elementor-widget-container\">\n\t\t\t\t\t\n<!-- start Image Zoom Content Box -->\n<style>\/* widget: Image Zoom Content Box *\/\n\n.uc_content_box_zoom_effect *{\n\tpadding: 0;\n}\n#uc_image_zoom_content_box_elementor_c3ab6c0 {\n\tbackground-color: #fff;\n\ttransition: all 0.8s ease 0s;\n    overflow:hidden;\n    display:flex;\n}\n\n.uc_content_box_zoom_effect:hover .uc_image {\n\ttransform: scale(1.2);\n\ttransition: all 0.8s ease 0s;\n}\n\n.uc_content_box_zoom_effect .uc_thumbnail {\n\tdisplay: block;\n\toverflow: hidden;\n\ttext-decoration: none;\n    flex-shrink:0;\n    flex-grow:0;\n  \n}\n#uc_image_zoom_content_box_elementor_c3ab6c0 .uc_image {\n\twidth: 100%;\n\ttransition: all 0.8s ease 0s;\n    mix-blend-mode: normal;\n    object-position: center center;\n    display:block;\n}\n.uc_content_box_zoom_effect .uc_title {\n\tdisplay: block;\n\tfont-size: 24px;\n\ttext-decoration: none;\n}\n.uc_content_box_zoom_effect .uc_content {\n\tline-height:1.5em;\n    \n}\n#uc_image_zoom_content_box_elementor_c3ab6c0 .uc_more {\n\tdisplay: ;\n\tcolor: #FFFFFF;\n\ttext-decoration: none;\n    background-color:#3E3FF0;\n   \n}\n\n#uc_image_zoom_content_box_elementor_c3ab6c0 .uc_more:hover {\n    background-color:#4054B2;\n    color:#ffffff;\n}\n\n#uc_image_zoom_content_box_elementor_c3ab6c0 .uc_content_box_zoom_effect_image\n{\nobject-fit:cover;\n}\n\n<\/style>\n\n<div class=\"uc_content_box_zoom_effect ue-box ue-boxcolumn\" id=\"uc_image_zoom_content_box_elementor_c3ab6c0\"> \n  \n  \n    <div class=\"uc_thumbnail\">\n        \t      <img fetchpriority=\"high\" decoding=\"async\" class=\"uc_image uc_content_box_zoom_effect_image\" src=\"https:\/\/vegagroup.al\/wp-content\/uploads\/2024\/08\/Vega-Solar-Yellow-Bg.svg\" alt=\"Vega Solar Logo\" width=\"1190\" height=\"841\" title=\"\">\n          <\/div>\n  \n  \n  <div class=\"uc_content_box_zoom_effect_content\">\n             <a href=\"#\" >                   <div class=\"uc_title\"><\/div>\n        <\/a>        <div class=\"uc_content\" style=\"text-align:center;\"><p><a href=\"mailto:info@VEGAsolar.al\">info@vegasolar.al<\/a><\/p>\n<p><a href=\"tel:+355692021115\">+355 69 202 1115<\/a><\/p>\n<p><a href=\"https:\/\/maps.app.goo.gl\/GXDghWtcqdZckvJe9\" target=\"_blank\" rel=\"noopener\">Prestige Industrial Park,<br \/>Tirana, Albania<\/a><\/p>\n<\/div>      <\/div>\n<\/div>\n<!-- end Image Zoom Content Box -->\t\t\t\t<\/div>\n\t\t\t\t<\/div>\n\t\t\t\t<\/div>\n\t\t<div class=\"elementor-element elementor-element-cc1f2d8 e-con-full e-flex e-con e-child\" data-id=\"cc1f2d8\" data-element_type=\"container\">\n\t\t\t\t<div class=\"elementor-element elementor-element-a3db93b elementor-widget elementor-widget-ucaddon_image_zoom_content_box\" data-id=\"a3db93b\" data-element_type=\"widget\" data-widget_type=\"ucaddon_image_zoom_content_box.default\">\n\t\t\t\t<div class=\"elementor-widget-container\">\n\t\t\t\t\t\n<!-- start Image Zoom Content Box -->\n<style>\/* widget: Image Zoom Content Box *\/\n\n.uc_content_box_zoom_effect *{\n\tpadding: 0;\n}\n#uc_image_zoom_content_box_elementor_a3db93b {\n\tbackground-color: #fff;\n\ttransition: all 0.8s ease 0s;\n    overflow:hidden;\n    display:flex;\n}\n\n.uc_content_box_zoom_effect:hover .uc_image {\n\ttransform: scale(1.2);\n\ttransition: all 0.8s ease 0s;\n}\n\n.uc_content_box_zoom_effect .uc_thumbnail {\n\tdisplay: block;\n\toverflow: hidden;\n\ttext-decoration: none;\n    flex-shrink:0;\n    flex-grow:0;\n  \n}\n#uc_image_zoom_content_box_elementor_a3db93b .uc_image {\n\twidth: 100%;\n\ttransition: all 0.8s ease 0s;\n    mix-blend-mode: normal;\n    object-position: center center;\n    display:block;\n}\n.uc_content_box_zoom_effect .uc_title {\n\tdisplay: block;\n\tfont-size: 24px;\n\ttext-decoration: none;\n}\n.uc_content_box_zoom_effect .uc_content {\n\tline-height:1.5em;\n    \n}\n#uc_image_zoom_content_box_elementor_a3db93b .uc_more {\n\tdisplay: ;\n\tcolor: #FFFFFF;\n\ttext-decoration: none;\n    background-color:#3E3FF0;\n   \n}\n\n#uc_image_zoom_content_box_elementor_a3db93b .uc_more:hover {\n    background-color:#4054B2;\n    color:#ffffff;\n}\n\n#uc_image_zoom_content_box_elementor_a3db93b .uc_content_box_zoom_effect_image\n{\nobject-fit:cover;\n}\n\n<\/style>\n\n<div class=\"uc_content_box_zoom_effect ue-box ue-boxcolumn\" id=\"uc_image_zoom_content_box_elementor_a3db93b\"> \n  \n  \n    <div class=\"uc_thumbnail\">\n        \t      <img decoding=\"async\" class=\"uc_image uc_content_box_zoom_effect_image\" src=\"https:\/\/vegagroup.al\/wp-content\/uploads\/2024\/08\/Vega-Energy-Orange-Bg.svg\" alt=\"Vega Energy Logo\" width=\"1190\" height=\"841\" title=\"\">\n          <\/div>\n  \n  \n  <div class=\"uc_content_box_zoom_effect_content\">\n             <a href=\"#\" >                   <div class=\"uc_title\"><\/div>\n        <\/a>        <div class=\"uc_content\" style=\"text-align:center;\"><p><a href=\"mailto:info@VEGAenergy.al\">info@vegaenergy.al<\/a><\/p>\n<p><a href=\"tel:+355692021115\">+355 69 202 1115<\/a><\/p>\n<p><a href=\"https:\/\/maps.app.goo.gl\/Fsq51McTE1Ay6kGUA\" target=\"_blank\" rel=\"noopener\">Rruga Ndre Mjeda, Magnet Complex,<br \/>Ara Building, Tirana, Albania<\/a><\/p>\n<\/div>      <\/div>\n<\/div>\n<!-- end Image Zoom Content Box -->\t\t\t\t<\/div>\n\t\t\t\t<\/div>\n\t\t\t\t<\/div>\n\t\t<div class=\"elementor-element elementor-element-47320b7 e-con-full e-flex e-con e-child\" data-id=\"47320b7\" data-element_type=\"container\">\n\t\t\t\t<div class=\"elementor-element elementor-element-36e0ee9 elementor-widget elementor-widget-ucaddon_image_zoom_content_box\" data-id=\"36e0ee9\" data-element_type=\"widget\" data-widget_type=\"ucaddon_image_zoom_content_box.default\">\n\t\t\t\t<div class=\"elementor-widget-container\">\n\t\t\t\t\t\n<!-- start Image Zoom Content Box -->\n<style>\/* widget: Image Zoom Content Box *\/\n\n.uc_content_box_zoom_effect *{\n\tpadding: 0;\n}\n#uc_image_zoom_content_box_elementor_36e0ee9 {\n\tbackground-color: #fff;\n\ttransition: all 0.8s ease 0s;\n    overflow:hidden;\n    display:flex;\n}\n\n.uc_content_box_zoom_effect:hover .uc_image {\n\ttransform: scale(1.2);\n\ttransition: all 0.8s ease 0s;\n}\n\n.uc_content_box_zoom_effect .uc_thumbnail {\n\tdisplay: block;\n\toverflow: hidden;\n\ttext-decoration: none;\n    flex-shrink:0;\n    flex-grow:0;\n  \n}\n#uc_image_zoom_content_box_elementor_36e0ee9 .uc_image {\n\twidth: 100%;\n\ttransition: all 0.8s ease 0s;\n    mix-blend-mode: normal;\n    object-position: center center;\n    display:block;\n}\n.uc_content_box_zoom_effect .uc_title {\n\tdisplay: block;\n\tfont-size: 24px;\n\ttext-decoration: none;\n}\n.uc_content_box_zoom_effect .uc_content {\n\tline-height:1.5em;\n    \n}\n#uc_image_zoom_content_box_elementor_36e0ee9 .uc_more {\n\tdisplay: ;\n\tcolor: #FFFFFF;\n\ttext-decoration: none;\n    background-color:#3E3FF0;\n   \n}\n\n#uc_image_zoom_content_box_elementor_36e0ee9 .uc_more:hover {\n    background-color:#4054B2;\n    color:#ffffff;\n}\n\n#uc_image_zoom_content_box_elementor_36e0ee9 .uc_content_box_zoom_effect_image\n{\nobject-fit:cover;\n}\n\n<\/style>\n\n<div class=\"uc_content_box_zoom_effect ue-box ue-boxcolumn\" id=\"uc_image_zoom_content_box_elementor_36e0ee9\"> \n  \n  \n    <div class=\"uc_thumbnail\">\n        \t      <img loading=\"lazy\" decoding=\"async\" class=\"uc_image uc_content_box_zoom_effect_image\" src=\"https:\/\/vegagroup.al\/wp-content\/uploads\/2024\/08\/Vega-Electric-Blue-Bg.svg\" alt=\"Vega Electric Logo\" width=\"1190\" height=\"841\" title=\"\">\n          <\/div>\n  \n  \n  <div class=\"uc_content_box_zoom_effect_content\">\n             <a href=\"#\" >                   <div class=\"uc_title\"><\/div>\n        <\/a>        <div class=\"uc_content\" style=\"text-align:center;\"><p><a href=\"mailto:info@VEGAelectric.al\">info@vegaelectric.al<\/a><\/p>\n<p><a href=\"tel:+355692021115\">+355 69 202 1115<\/a><\/p>\n<p><a href=\"https:\/\/maps.app.goo.gl\/GXDghWtcqdZckvJe9\" target=\"_blank\" rel=\"noopener\">Prestige Industrial Park,<br \/>Tirana, Albania<\/a><\/p>\n<\/div>      <\/div>\n<\/div>\n<!-- end Image Zoom Content Box -->\t\t\t\t<\/div>\n\t\t\t\t<\/div>\n\t\t\t\t<\/div>\n\t\t<div class=\"elementor-element elementor-element-259dc74 e-con-full e-flex e-con e-child\" data-id=\"259dc74\" data-element_type=\"container\">\n\t\t\t\t<div class=\"elementor-element elementor-element-af55287 elementor-widget elementor-widget-ucaddon_image_zoom_content_box\" data-id=\"af55287\" data-element_type=\"widget\" data-widget_type=\"ucaddon_image_zoom_content_box.default\">\n\t\t\t\t<div class=\"elementor-widget-container\">\n\t\t\t\t\t\n<!-- start Image Zoom Content Box -->\n<style>\/* widget: Image Zoom Content Box *\/\n\n.uc_content_box_zoom_effect *{\n\tpadding: 0;\n}\n#uc_image_zoom_content_box_elementor_af55287 {\n\tbackground-color: #fff;\n\ttransition: all 0.8s ease 0s;\n    overflow:hidden;\n    display:flex;\n}\n\n.uc_content_box_zoom_effect:hover .uc_image {\n\ttransform: scale(1.2);\n\ttransition: all 0.8s ease 0s;\n}\n\n.uc_content_box_zoom_effect .uc_thumbnail {\n\tdisplay: block;\n\toverflow: hidden;\n\ttext-decoration: none;\n    flex-shrink:0;\n    flex-grow:0;\n  \n}\n#uc_image_zoom_content_box_elementor_af55287 .uc_image {\n\twidth: 100%;\n\ttransition: all 0.8s ease 0s;\n    mix-blend-mode: normal;\n    object-position: center center;\n    display:block;\n}\n.uc_content_box_zoom_effect .uc_title {\n\tdisplay: block;\n\tfont-size: 24px;\n\ttext-decoration: none;\n}\n.uc_content_box_zoom_effect .uc_content {\n\tline-height:1.5em;\n    \n}\n#uc_image_zoom_content_box_elementor_af55287 .uc_more {\n\tdisplay: ;\n\tcolor: #FFFFFF;\n\ttext-decoration: none;\n    background-color:#3E3FF0;\n   \n}\n\n#uc_image_zoom_content_box_elementor_af55287 .uc_more:hover {\n    background-color:#4054B2;\n    color:#ffffff;\n}\n\n#uc_image_zoom_content_box_elementor_af55287 .uc_content_box_zoom_effect_image\n{\nobject-fit:cover;\n}\n\n<\/style>\n\n<div class=\"uc_content_box_zoom_effect ue-box ue-boxcolumn\" id=\"uc_image_zoom_content_box_elementor_af55287\"> \n  \n  \n    <div class=\"uc_thumbnail\">\n        \t      <img loading=\"lazy\" decoding=\"async\" class=\"uc_image uc_content_box_zoom_effect_image\" src=\"https:\/\/vegagroup.al\/wp-content\/uploads\/2024\/08\/Vega-Charging-Logo-Green-Bg.svg\" alt=\"Vega Charging Logo Green Bg\" width=\"1190\" height=\"841\" title=\"\">\n          <\/div>\n  \n  \n  <div class=\"uc_content_box_zoom_effect_content\">\n             <a href=\"#\" >                   <div class=\"uc_title\"><\/div>\n        <\/a>        <div class=\"uc_content\" style=\"text-align:center;\"><p><a href=\"mailto:info@VEGAcharging.al\">info@vegacharging.al<\/a><\/p>\n<p><a href=\"tel:+355697001200\">+355 69 700 1200<\/a><\/p>\n<p><a href=\"https:\/\/maps.app.goo.gl\/GXDghWtcqdZckvJe9\" target=\"_blank\" rel=\"noopener\">Prestige Industrial Park,<br \/>Tirana, Albania<\/a><\/p>\n<\/div>      <\/div>\n<\/div>\n<!-- end Image Zoom Content Box -->\t\t\t\t<\/div>\n\t\t\t\t<\/div>\n\t\t\t\t<\/div>\n\t\t\t\t<\/div>\n\t\t\t\t<\/div>\n\t\t\t\t<\/div>\n\t\t","protected":false},"excerpt":{"rendered":"<p>info@vegagroup.al +355 69 202 1115 Rruga Ndre Mjeda, Kompleksi Magnet, Pallati Ara, Tirane, Shqiperi Na kontaktoni n\u00eb \u00e7do koh\u00eb info@vegasolar.al +355 69 202 1115 Prestige Industrial Park,Tirana, Albania info@vegaenergy.al +355 69 202 1115 Rruga Ndre Mjeda, Magnet Complex,Ara Building, Tirana, Albania info@vegaelectric.al +355 69 202 1115 Prestige Industrial Park,Tirana, Albania info@vegacharging.al +355 69 700 1200 [&hellip;]<\/p>\n","protected":false},"author":1,"featured_media":0,"parent":0,"menu_order":0,"comment_status":"closed","ping_status":"closed","template":"page-full-width.php","meta":{"_acf_changed":false,"footnotes":""},"class_list":["post-22255","page","type-page","status-publish","hentry"],"acf":[],"_links":{"self":[{"href":"https:\/\/vegagroup.al\/sq\/wp-json\/wp\/v2\/pages\/22255","targetHints":{"allow":["GET"]}}],"collection":[{"href":"https:\/\/vegagroup.al\/sq\/wp-json\/wp\/v2\/pages"}],"about":[{"href":"https:\/\/vegagroup.al\/sq\/wp-json\/wp\/v2\/types\/page"}],"author":[{"embeddable":true,"href":"https:\/\/vegagroup.al\/sq\/wp-json\/wp\/v2\/users\/1"}],"replies":[{"embeddable":true,"href":"https:\/\/vegagroup.al\/sq\/wp-json\/wp\/v2\/comments?post=22255"}],"version-history":[{"count":5,"href":"https:\/\/vegagroup.al\/sq\/wp-json\/wp\/v2\/pages\/22255\/revisions"}],"predecessor-version":[{"id":24156,"href":"https:\/\/vegagroup.al\/sq\/wp-json\/wp\/v2\/pages\/22255\/revisions\/24156"}],"wp:attachment":[{"href":"https:\/\/vegagroup.al\/sq\/wp-json\/wp\/v2\/media?parent=22255"}],"curies":[{"name":"wp","href":"https:\/\/api.w.org\/{rel}","templated":true}]}}