{"id":22278,"date":"2024-09-25T22:46:26","date_gmt":"2024-09-25T22:46:26","guid":{"rendered":"https:\/\/vegagroup.al\/blog\/"},"modified":"2025-03-03T00:47:06","modified_gmt":"2025-03-03T00:47:06","slug":"blog","status":"publish","type":"page","link":"https:\/\/vegagroup.al\/sq\/blog\/","title":{"rendered":"Blog"},"content":{"rendered":"\t\t<div data-elementor-type=\"wp-page\" data-elementor-id=\"22278\" class=\"elementor elementor-22278 elementor-5590\" data-elementor-post-type=\"page\">\n\t\t\t\t<div class=\"elementor-element elementor-element-cd53ae9 e-con-full e-flex e-con e-parent\" data-id=\"cd53ae9\" data-element_type=\"container\" data-settings=\"{&quot;background_background&quot;:&quot;classic&quot;}\">\n\t\t<div class=\"elementor-element elementor-element-2723a1b e-flex e-con-boxed e-con e-child\" data-id=\"2723a1b\" data-element_type=\"container\">\n\t\t\t\t\t<div class=\"e-con-inner\">\n\t\t\t\t<div class=\"elementor-element elementor-element-6eb4d8c elementor-widget elementor-widget-leroux_core_section_title\" data-id=\"6eb4d8c\" data-element_type=\"widget\" data-widget_type=\"leroux_core_section_title.default\">\n\t\t\t\t<div class=\"elementor-widget-container\">\n\t\t\t\t\t<div class=\"qodef-shortcode qodef-m  qodef-section-title qodef-alignment--center \">\n\t\t<h1 class=\"qodef-m-title\" style=\"color: #FFFFFF\">\n\t\t\t\t\tBlogu yn\u00eb\t\t\t<\/h1>\n\t<\/div>\n\t\t\t\t<\/div>\n\t\t\t\t<\/div>\n\t\t\t\t\t<\/div>\n\t\t\t\t<\/div>\n\t\t\t\t<\/div>\n\t\t<div class=\"elementor-element elementor-element-c987c29 e-flex e-con-boxed e-con e-parent\" data-id=\"c987c29\" data-element_type=\"container\">\n\t\t\t\t\t<div class=\"e-con-inner\">\n\t\t\t\t<div class=\"elementor-element elementor-element-42f4aad elementor-widget elementor-widget-qi_addons_for_elementor_blog_list\" data-id=\"42f4aad\" data-element_type=\"widget\" data-widget_type=\"qi_addons_for_elementor_blog_list.default\">\n\t\t\t\t<div class=\"elementor-widget-container\">\n\t\t\t\t\t<div class=\"qodef-shortcode qodef-m qodef-addons-blog-list qodef-info-no-icons qodef-image--hover-zoom qodef-qi-grid qodef-layout--qi-columns qodef-col-num--3 qodef-item-layout--boxed qodef-responsive--predefined\" >\n\t<div class=\"qodef-grid-inner\">\n\t\t<article class=\"qodef-e qodef-blog-item qodef-grid-item qodef-item--custom post-24805 post type-post status-publish format-gallery has-post-thumbnail hentry category-vega-charging-sq category-blog-sq post_format-post-format-gallery\">\n\t<div class=\"qodef-e-inner\">\n\t\t<div class=\"qodef-e-media-holder\">\n\t\t\t<div class=\"qodef-e-media\">\n\t\t<div class=\"qodef-e-media-image\">\n\t\t<a itemprop=\"url\" href=\"https:\/\/vegagroup.al\/sq\/e-ardhmja-e-stacioneve-te-karikimit-per-makinat-elektrike\/\">\n\t\t\t<img fetchpriority=\"high\" decoding=\"async\" src=\"https:\/\/vegagroup.al\/wp-content\/uploads\/2024\/11\/The-future-of-EV-charging-What-to-expect-in-2025-and-beyond-750x400.webp\" alt=\"The future of EV charging - What to expect in 2025 and beyond\" width=\"750\" height=\"400\" title=\"\">\t\t<\/a>\n\t\t\t<\/div>\n<\/div>\n<div itemprop=\"dateCreated\" class=\"qodef-e-info-item qodef-e-info-date entry-date \">\n\t<a itemprop=\"url\" href=\"https:\/\/vegagroup.al\/sq\/2025\/06\/\">\n\t\t15 Jun\t<\/a>\n<\/div>\n\t\t<\/div>\n\t\t<div class=\"qodef-e-content\">\n\t\t\t\t\t\t\t<div class=\"qodef-e-info qodef-info--top\">\n\t\t\t\t\t<div class=\"qodef-e-info-item qodef-e-info-category\">\n\t\t<a href=\"https:\/\/vegagroup.al\/sq\/kategoria\/blog-sq\/vega-charging-sq\/\" rel=\"category tag\">VEGA Charging<\/a><span class=\"qodef-category-separator\"><\/span><a href=\"https:\/\/vegagroup.al\/sq\/kategoria\/blog-sq\/\" rel=\"category tag\">Blog<\/a><\/div>\n\t\t\t\t<\/div>\n\t\t\t\t\t\t<div class=\"qodef-e-text\">\n\t\t\t\t<h5 itemprop=\"name\" class=\"qodef-e-title entry-title\">\n\t<a itemprop=\"url\" class=\"qodef-e-title-link\" href=\"https:\/\/vegagroup.al\/sq\/e-ardhmja-e-stacioneve-te-karikimit-per-makinat-elektrike\/\">\n\t\tE ardhmja e stacioneve t\u00eb karikimit p\u00ebr makinat elektrike: \u00c7far\u00eb na pret pas vitit 2025\t<\/a>\n<\/h5>\n\t\t<p itemprop=\"description\" class=\"qodef-e-excerpt\">\n\t\t\tBota e automjeteve elektrike (EV) po ndryshon me shpejt\u00ebsi, me p\u00ebrparime n\u00eb teknologji dhe infrastruktur\u00eb q\u00eb po form\u00ebsojn\u00eb m\u00ebnyr\u00ebn se si udh\u00ebtojm\u00eb dhe karikojm\u00eb. Duke p\t\t<\/p>\n\t\t\t\t<\/div>\n\t\t\t\t\t<\/div>\n\t<\/div>\n<\/article>\n<article class=\"qodef-e qodef-blog-item qodef-grid-item qodef-item--custom post-24724 post type-post status-publish format-gallery has-post-thumbnail hentry category-vega-energy-sq category-blog-sq post_format-post-format-gallery\">\n\t<div class=\"qodef-e-inner\">\n\t\t<div class=\"qodef-e-media-holder\">\n\t\t\t<div class=\"qodef-e-media\">\n\t\t<div class=\"qodef-e-media-image\">\n\t\t<a itemprop=\"url\" href=\"https:\/\/vegagroup.al\/sq\/sunny-side-drejt-finalizimit-nga-vega-energy-nje-prej-parqeve-me-te-medhenj-fotovoltaike-ne-ballkan\/\">\n\t\t\t<img decoding=\"async\" src=\"https:\/\/vegagroup.al\/wp-content\/uploads\/2025\/06\/Sunny-Side-Darzeze-2-750x400.webp\" alt=\"Sunny Side - Darzeze\" width=\"750\" height=\"400\" title=\"\">\t\t<\/a>\n\t\t\t<\/div>\n<\/div>\n<div itemprop=\"dateCreated\" class=\"qodef-e-info-item qodef-e-info-date entry-date \">\n\t<a itemprop=\"url\" href=\"https:\/\/vegagroup.al\/sq\/2025\/06\/\">\n\t\t4 Jun\t<\/a>\n<\/div>\n\t\t<\/div>\n\t\t<div class=\"qodef-e-content\">\n\t\t\t\t\t\t\t<div class=\"qodef-e-info qodef-info--top\">\n\t\t\t\t\t<div class=\"qodef-e-info-item qodef-e-info-category\">\n\t\t<a href=\"https:\/\/vegagroup.al\/sq\/kategoria\/blog-sq\/vega-energy-sq\/\" rel=\"category tag\">VEGA Energy<\/a><span class=\"qodef-category-separator\"><\/span><a href=\"https:\/\/vegagroup.al\/sq\/kategoria\/blog-sq\/\" rel=\"category tag\">Blog<\/a><\/div>\n\t\t\t\t<\/div>\n\t\t\t\t\t\t<div class=\"qodef-e-text\">\n\t\t\t\t<h5 itemprop=\"name\" class=\"qodef-e-title entry-title\">\n\t<a itemprop=\"url\" class=\"qodef-e-title-link\" href=\"https:\/\/vegagroup.al\/sq\/sunny-side-drejt-finalizimit-nga-vega-energy-nje-prej-parqeve-me-te-medhenj-fotovoltaike-ne-ballkan\/\">\n\t\t\u201cSunny Side\u201d\/ Drejt finalizimit nga VEGA Energy nj\u00eb prej parqeve m\u00eb t\u00eb m\u00ebdhenj fotovoltaik\u00eb n\u00eb Ballkan\t<\/a>\n<\/h5>\n\t\t<p itemprop=\"description\" class=\"qodef-e-excerpt\">\n\t\t\tN\u00eb zem\u00ebr t\u00eb Darzez\u00ebs, Fier, po merr form\u00eb nj\u00eb prej projekteve m\u00eb ambicioze t\u00eb energjis\u00eb diellore n\u00eb rajon. Me nj\u00eb kapacitet prej 120 MWp, parku fotovoltaik \u201cSunny Side\t\t<\/p>\n\t\t\t\t<\/div>\n\t\t\t\t\t<\/div>\n\t<\/div>\n<\/article>\n<article class=\"qodef-e qodef-blog-item qodef-grid-item qodef-item--custom post-24697 post type-post status-publish format-gallery has-post-thumbnail hentry category-vega-electric-sq category-blog-sq post_format-post-format-gallery\">\n\t<div class=\"qodef-e-inner\">\n\t\t<div class=\"qodef-e-media-holder\">\n\t\t\t<div class=\"qodef-e-media\">\n\t\t<div class=\"qodef-e-media-image\">\n\t\t<a itemprop=\"url\" href=\"https:\/\/vegagroup.al\/sq\/cfare-do-te-ndodhe-me-nje-panel-diellor-pas-25-vitesh-jetegjatesia-mirembajtja-dhe-riciklimi\/\">\n\t\t\t<img decoding=\"async\" src=\"https:\/\/vegagroup.al\/wp-content\/uploads\/2025\/05\/Cfare-do-te-ndodhe-me-nje-panel-diellor-pas-25-vitesh-750x400.webp\" alt=\"\u00c7far\u00eb do t\u00eb ndodh\u00eb me nj\u00eb panel diellor pas 25 vitesh\" width=\"750\" height=\"400\" title=\"\">\t\t<\/a>\n\t\t\t<\/div>\n<\/div>\n<div itemprop=\"dateCreated\" class=\"qodef-e-info-item qodef-e-info-date entry-date \">\n\t<a itemprop=\"url\" href=\"https:\/\/vegagroup.al\/sq\/2025\/05\/\">\n\t\t22 May\t<\/a>\n<\/div>\n\t\t<\/div>\n\t\t<div class=\"qodef-e-content\">\n\t\t\t\t\t\t\t<div class=\"qodef-e-info qodef-info--top\">\n\t\t\t\t\t<div class=\"qodef-e-info-item qodef-e-info-category\">\n\t\t<a href=\"https:\/\/vegagroup.al\/sq\/kategoria\/blog-sq\/vega-electric-sq\/\" rel=\"category tag\">VEGA Electric<\/a><span class=\"qodef-category-separator\"><\/span><a href=\"https:\/\/vegagroup.al\/sq\/kategoria\/blog-sq\/\" rel=\"category tag\">Blog<\/a><\/div>\n\t\t\t\t<\/div>\n\t\t\t\t\t\t<div class=\"qodef-e-text\">\n\t\t\t\t<h5 itemprop=\"name\" class=\"qodef-e-title entry-title\">\n\t<a itemprop=\"url\" class=\"qodef-e-title-link\" href=\"https:\/\/vegagroup.al\/sq\/cfare-do-te-ndodhe-me-nje-panel-diellor-pas-25-vitesh-jetegjatesia-mirembajtja-dhe-riciklimi\/\">\n\t\t\u00c7far\u00eb do t\u00eb ndodh\u00eb me nj\u00eb panel diellor pas 25 vitesh? Jet\u00ebgjat\u00ebsia, mir\u00ebmbajtja dhe riciklimi\t<\/a>\n<\/h5>\n\t\t<p itemprop=\"description\" class=\"qodef-e-excerpt\">\n\t\t\tInvestimi n\u00eb nj\u00eb sistem diellor \u00ebsht\u00eb nj\u00eb hap i r\u00ebnd\u00ebsish\u00ebm drejt pavar\u00ebsis\u00eb energjetike dhe mbrojtjes s\u00eb mjedisit. Por nj\u00eb pyetje q\u00eb shum\u00eb konsumator\u00eb dhe biznese s\t\t<\/p>\n\t\t\t\t<\/div>\n\t\t\t\t\t<\/div>\n\t<\/div>\n<\/article>\n<article class=\"qodef-e qodef-blog-item qodef-grid-item qodef-item--custom post-24511 post type-post status-publish format-gallery has-post-thumbnail hentry category-vega-charging-sq category-blog-sq post_format-post-format-gallery\">\n\t<div class=\"qodef-e-inner\">\n\t\t<div class=\"qodef-e-media-holder\">\n\t\t\t<div class=\"qodef-e-media\">\n\t\t<div class=\"qodef-e-media-image\">\n\t\t<a itemprop=\"url\" href=\"https:\/\/vegagroup.al\/sq\/makinat-elektrike-fitojne-terren-vega-charging-udheheq-transformimin-ne-shqiperi\/\">\n\t\t\t<img loading=\"lazy\" decoding=\"async\" src=\"https:\/\/vegagroup.al\/wp-content\/uploads\/2024\/10\/vega-charging-collaboration-bg-750x400.webp\" alt=\"vega charging collaboration\" width=\"750\" height=\"400\" title=\"\">\t\t<\/a>\n\t\t\t<\/div>\n<\/div>\n<div itemprop=\"dateCreated\" class=\"qodef-e-info-item qodef-e-info-date entry-date \">\n\t<a itemprop=\"url\" href=\"https:\/\/vegagroup.al\/sq\/2025\/05\/\">\n\t\t2 May\t<\/a>\n<\/div>\n\t\t<\/div>\n\t\t<div class=\"qodef-e-content\">\n\t\t\t\t\t\t\t<div class=\"qodef-e-info qodef-info--top\">\n\t\t\t\t\t<div class=\"qodef-e-info-item qodef-e-info-category\">\n\t\t<a href=\"https:\/\/vegagroup.al\/sq\/kategoria\/blog-sq\/vega-charging-sq\/\" rel=\"category tag\">VEGA Charging<\/a><span class=\"qodef-category-separator\"><\/span><a href=\"https:\/\/vegagroup.al\/sq\/kategoria\/blog-sq\/\" rel=\"category tag\">Blog<\/a><\/div>\n\t\t\t\t<\/div>\n\t\t\t\t\t\t<div class=\"qodef-e-text\">\n\t\t\t\t<h5 itemprop=\"name\" class=\"qodef-e-title entry-title\">\n\t<a itemprop=\"url\" class=\"qodef-e-title-link\" href=\"https:\/\/vegagroup.al\/sq\/makinat-elektrike-fitojne-terren-vega-charging-udheheq-transformimin-ne-shqiperi\/\">\n\t\tMakinat elektrike fitojn\u00eb terren, VEGA Charging udh\u00ebheq transformimin n\u00eb Shqip\u00ebri\t<\/a>\n<\/h5>\n\t\t<p itemprop=\"description\" class=\"qodef-e-excerpt\">\n\t\t\tMakinat elektrike nuk jan\u00eb m\u00eb nj\u00eb alternativ\u00eb, por nj\u00eb realitet q\u00eb po pushton rrug\u00ebt e Europ\u00ebs. Teksa vendet e BE-s\u00eb p\u00ebrshpejtojn\u00eb kalimin drejt energjis\u00eb s\u00eb past\u00ebr,\t\t<\/p>\n\t\t\t\t<\/div>\n\t\t\t\t\t<\/div>\n\t<\/div>\n<\/article>\n<article class=\"qodef-e qodef-blog-item qodef-grid-item qodef-item--custom post-24424 post type-post status-publish format-gallery has-post-thumbnail hentry category-vega-solar-sq category-blog-sq post_format-post-format-gallery\">\n\t<div class=\"qodef-e-inner\">\n\t\t<div class=\"qodef-e-media-holder\">\n\t\t\t<div class=\"qodef-e-media\">\n\t\t<div class=\"qodef-e-media-image\">\n\t\t<a itemprop=\"url\" href=\"https:\/\/vegagroup.al\/sq\/cfare-eshte-vetekonsumi-i-energjise-dhe-pse-po-behet-trend-ne-shqiperi\/\">\n\t\t\t<img loading=\"lazy\" decoding=\"async\" src=\"https:\/\/vegagroup.al\/wp-content\/uploads\/2025\/04\/Residental-Solar-Panel-System-2-750x400.webp\" alt=\"\" width=\"750\" height=\"400\" title=\"\">\t\t<\/a>\n\t\t\t<\/div>\n<\/div>\n<div itemprop=\"dateCreated\" class=\"qodef-e-info-item qodef-e-info-date entry-date \">\n\t<a itemprop=\"url\" href=\"https:\/\/vegagroup.al\/sq\/2025\/04\/\">\n\t\t16 Apr\t<\/a>\n<\/div>\n\t\t<\/div>\n\t\t<div class=\"qodef-e-content\">\n\t\t\t\t\t\t\t<div class=\"qodef-e-info qodef-info--top\">\n\t\t\t\t\t<div class=\"qodef-e-info-item qodef-e-info-category\">\n\t\t<a href=\"https:\/\/vegagroup.al\/sq\/kategoria\/blog-sq\/vega-solar-sq\/\" rel=\"category tag\">VEGA Solar<\/a><span class=\"qodef-category-separator\"><\/span><a href=\"https:\/\/vegagroup.al\/sq\/kategoria\/blog-sq\/\" rel=\"category tag\">Blog<\/a><\/div>\n\t\t\t\t<\/div>\n\t\t\t\t\t\t<div class=\"qodef-e-text\">\n\t\t\t\t<h5 itemprop=\"name\" class=\"qodef-e-title entry-title\">\n\t<a itemprop=\"url\" class=\"qodef-e-title-link\" href=\"https:\/\/vegagroup.al\/sq\/cfare-eshte-vetekonsumi-i-energjise-dhe-pse-po-behet-trend-ne-shqiperi\/\">\n\t\t\u00c7far\u00eb \u00ebsht\u00eb vet\u00ebkonsumi i energjis\u00eb dhe pse po b\u00ebhet trend n\u00eb Shqip\u00ebri?\t<\/a>\n<\/h5>\n\t\t<p itemprop=\"description\" class=\"qodef-e-excerpt\">\n\t\t\tVet\u00ebkonsumi i energjis\u00eb, ose konsumi i energjis\u00eb s\u00eb prodhuar nga vet\u00eb p\u00ebrdoruesi, \u00ebsht\u00eb nj\u00eb koncept q\u00eb po p\u00ebrhapet me shpejt\u00ebsi n\u00eb Shqip\u00ebri, ve\u00e7an\u00ebrisht n\u00eb sektori\t\t<\/p>\n\t\t\t\t<\/div>\n\t\t\t\t\t<\/div>\n\t<\/div>\n<\/article>\n<article class=\"qodef-e qodef-blog-item qodef-grid-item qodef-item--custom post-24417 post type-post status-publish format-gallery has-post-thumbnail hentry category-vega-charging-sq category-blog-sq post_format-post-format-gallery\">\n\t<div class=\"qodef-e-inner\">\n\t\t<div class=\"qodef-e-media-holder\">\n\t\t\t<div class=\"qodef-e-media\">\n\t\t<div class=\"qodef-e-media-image\">\n\t\t<a itemprop=\"url\" href=\"https:\/\/vegagroup.al\/sq\/si-ndihmojne-stacionet-e-karikimit-ev-ne-rritjen-e-vleres-se-nje-hoteli-apo-biznesi\/\">\n\t\t\t<img loading=\"lazy\" decoding=\"async\" src=\"https:\/\/vegagroup.al\/wp-content\/uploads\/2025\/04\/Si-ndihmojne-stacionet-e-karikimit-EV-ne-rritjen-e-vleres-se-nje-hoteli-apo-biznesi-750x400.webp\" alt=\"Si ndihmojn\u00eb stacionet e karikimit EV n\u00eb rritjen e vler\u00ebs s\u00eb nj\u00eb hoteli apo biznesi\" width=\"750\" height=\"400\" title=\"\">\t\t<\/a>\n\t\t\t<\/div>\n<\/div>\n<div itemprop=\"dateCreated\" class=\"qodef-e-info-item qodef-e-info-date entry-date \">\n\t<a itemprop=\"url\" href=\"https:\/\/vegagroup.al\/sq\/2025\/04\/\">\n\t\t9 Apr\t<\/a>\n<\/div>\n\t\t<\/div>\n\t\t<div class=\"qodef-e-content\">\n\t\t\t\t\t\t\t<div class=\"qodef-e-info qodef-info--top\">\n\t\t\t\t\t<div class=\"qodef-e-info-item qodef-e-info-category\">\n\t\t<a href=\"https:\/\/vegagroup.al\/sq\/kategoria\/blog-sq\/vega-charging-sq\/\" rel=\"category tag\">VEGA Charging<\/a><span class=\"qodef-category-separator\"><\/span><a href=\"https:\/\/vegagroup.al\/sq\/kategoria\/blog-sq\/\" rel=\"category tag\">Blog<\/a><\/div>\n\t\t\t\t<\/div>\n\t\t\t\t\t\t<div class=\"qodef-e-text\">\n\t\t\t\t<h5 itemprop=\"name\" class=\"qodef-e-title entry-title\">\n\t<a itemprop=\"url\" class=\"qodef-e-title-link\" href=\"https:\/\/vegagroup.al\/sq\/si-ndihmojne-stacionet-e-karikimit-ev-ne-rritjen-e-vleres-se-nje-hoteli-apo-biznesi\/\">\n\t\tSi ndihmojn\u00eb stacionet e karikimit EV n\u00eb rritjen e vler\u00ebs s\u00eb nj\u00eb hoteli apo biznesi?\t<\/a>\n<\/h5>\n\t\t<p itemprop=\"description\" class=\"qodef-e-excerpt\">\n\t\t\tN\u00eb nj\u00eb treg gjithnj\u00eb e m\u00eb t\u00eb ndikuar nga teknologjia dhe q\u00ebndrueshm\u00ebria, stacionet e karikimit p\u00ebr automjetet elektrike (EV) po b\u00ebhen jo vet\u00ebm nj\u00eb sh\u00ebrbim shtes\u00eb, por\t\t<\/p>\n\t\t\t\t<\/div>\n\t\t\t\t\t<\/div>\n\t<\/div>\n<\/article>\n<article class=\"qodef-e qodef-blog-item qodef-grid-item qodef-item--custom post-24377 post type-post status-publish format-gallery has-post-thumbnail hentry category-vega-solar-sq category-blog-sq post_format-post-format-gallery\">\n\t<div class=\"qodef-e-inner\">\n\t\t<div class=\"qodef-e-media-holder\">\n\t\t\t<div class=\"qodef-e-media\">\n\t\t<div class=\"qodef-e-media-image\">\n\t\t<a itemprop=\"url\" href=\"https:\/\/vegagroup.al\/sq\/si-po-kontribuon-vega-solar-permes-energjise-se-rinovueshme-ne-zhvillimin-e-qendrueshem\/\">\n\t\t\t<img loading=\"lazy\" decoding=\"async\" src=\"https:\/\/vegagroup.al\/wp-content\/uploads\/2025\/03\/Solar-Panels-in-Albania-750x400.webp\" alt=\"Solar Panels in Albania\" width=\"750\" height=\"400\" title=\"\">\t\t<\/a>\n\t\t\t<\/div>\n<\/div>\n<div itemprop=\"dateCreated\" class=\"qodef-e-info-item qodef-e-info-date entry-date \">\n\t<a itemprop=\"url\" href=\"https:\/\/vegagroup.al\/sq\/2025\/03\/\">\n\t\t25 Mar\t<\/a>\n<\/div>\n\t\t<\/div>\n\t\t<div class=\"qodef-e-content\">\n\t\t\t\t\t\t\t<div class=\"qodef-e-info qodef-info--top\">\n\t\t\t\t\t<div class=\"qodef-e-info-item qodef-e-info-category\">\n\t\t<a href=\"https:\/\/vegagroup.al\/sq\/kategoria\/blog-sq\/vega-solar-sq\/\" rel=\"category tag\">VEGA Solar<\/a><span class=\"qodef-category-separator\"><\/span><a href=\"https:\/\/vegagroup.al\/sq\/kategoria\/blog-sq\/\" rel=\"category tag\">Blog<\/a><\/div>\n\t\t\t\t<\/div>\n\t\t\t\t\t\t<div class=\"qodef-e-text\">\n\t\t\t\t<h5 itemprop=\"name\" class=\"qodef-e-title entry-title\">\n\t<a itemprop=\"url\" class=\"qodef-e-title-link\" href=\"https:\/\/vegagroup.al\/sq\/si-po-kontribuon-vega-solar-permes-energjise-se-rinovueshme-ne-zhvillimin-e-qendrueshem\/\">\n\t\tSi po kontribuon VEGA Solar p\u00ebrmes energjis\u00eb s\u00eb rinovueshme n\u00eb zhvillimin e q\u00ebndruesh\u00ebm?\t<\/a>\n<\/h5>\n\t\t<p itemprop=\"description\" class=\"qodef-e-excerpt\">\n\t\t\tSfidat klimatike prej koh\u00ebsh e kan\u00eb vendosur bot\u00ebn n\u00eb rrezik dhe pasiguri, duke gjetur zgjidhje dhe shp\u00ebtim te energjia e rinovueshme, e cila po luan rol ky\u00e7 n\u00eb zhvillimin e\t\t<\/p>\n\t\t\t\t<\/div>\n\t\t\t\t\t<\/div>\n\t<\/div>\n<\/article>\n<article class=\"qodef-e qodef-blog-item qodef-grid-item qodef-item--custom post-24373 post type-post status-publish format-gallery has-post-thumbnail hentry category-vega-charging-sq category-blog-sq post_format-post-format-gallery\">\n\t<div class=\"qodef-e-inner\">\n\t\t<div class=\"qodef-e-media-holder\">\n\t\t\t<div class=\"qodef-e-media\">\n\t\t<div class=\"qodef-e-media-image\">\n\t\t<a itemprop=\"url\" href=\"https:\/\/vegagroup.al\/sq\/karikim-makinash-si-te-karikoni-makinen-tuaj-elektrike-me-lehtesi\/\">\n\t\t\t<img loading=\"lazy\" decoding=\"async\" src=\"https:\/\/vegagroup.al\/wp-content\/uploads\/2025\/03\/Charging-Stations-in-Albania-750x400.webp\" alt=\"Charging Stations in Albania\" width=\"750\" height=\"400\" title=\"\">\t\t<\/a>\n\t\t\t<\/div>\n<\/div>\n<div itemprop=\"dateCreated\" class=\"qodef-e-info-item qodef-e-info-date entry-date \">\n\t<a itemprop=\"url\" href=\"https:\/\/vegagroup.al\/sq\/2025\/03\/\">\n\t\t14 Mar\t<\/a>\n<\/div>\n\t\t<\/div>\n\t\t<div class=\"qodef-e-content\">\n\t\t\t\t\t\t\t<div class=\"qodef-e-info qodef-info--top\">\n\t\t\t\t\t<div class=\"qodef-e-info-item qodef-e-info-category\">\n\t\t<a href=\"https:\/\/vegagroup.al\/sq\/kategoria\/blog-sq\/vega-charging-sq\/\" rel=\"category tag\">VEGA Charging<\/a><span class=\"qodef-category-separator\"><\/span><a href=\"https:\/\/vegagroup.al\/sq\/kategoria\/blog-sq\/\" rel=\"category tag\">Blog<\/a><\/div>\n\t\t\t\t<\/div>\n\t\t\t\t\t\t<div class=\"qodef-e-text\">\n\t\t\t\t<h5 itemprop=\"name\" class=\"qodef-e-title entry-title\">\n\t<a itemprop=\"url\" class=\"qodef-e-title-link\" href=\"https:\/\/vegagroup.al\/sq\/karikim-makinash-si-te-karikoni-makinen-tuaj-elektrike-me-lehtesi\/\">\n\t\tKarikim Makinash: Si t\u00eb Karikoni Makin\u00ebn Tuaj Elektrike me Leht\u00ebsi\t<\/a>\n<\/h5>\n\t\t<p itemprop=\"description\" class=\"qodef-e-excerpt\">\n\t\t\tMe rritjen e popullaritetit t\u00eb makinave elektrike,\u00a0karikimi i makinave\u00a0\u00ebsht\u00eb b\u00ebr\u00eb nj\u00eb tem\u00eb gjithnj\u00eb e m\u00eb e r\u00ebnd\u00ebsishme p\u00ebr pronar\u00ebt e automjeteve dhe bizneset. N\u00eb k\t\t<\/p>\n\t\t\t\t<\/div>\n\t\t\t\t\t<\/div>\n\t<\/div>\n<\/article>\n<article class=\"qodef-e qodef-blog-item qodef-grid-item qodef-item--custom post-24341 post type-post status-publish format-gallery has-post-thumbnail hentry category-vega-group-sq category-blog-sq post_format-post-format-gallery\">\n\t<div class=\"qodef-e-inner\">\n\t\t<div class=\"qodef-e-media-holder\">\n\t\t\t<div class=\"qodef-e-media\">\n\t\t<div class=\"qodef-e-media-image\">\n\t\t<a itemprop=\"url\" href=\"https:\/\/vegagroup.al\/sq\/vega-group-ne-panairin-key-the-energy-transition-expo-2025-inovacion-dhe-zgjidhje-te-reja-per-energjine-e-rinovueshme\/\">\n\t\t\t<img loading=\"lazy\" decoding=\"async\" src=\"https:\/\/vegagroup.al\/wp-content\/uploads\/2025\/03\/KeyEnery2025-750x400.webp\" alt=\"KeyEnery2025\" width=\"750\" height=\"400\" title=\"\">\t\t<\/a>\n\t\t\t<\/div>\n<\/div>\n<div itemprop=\"dateCreated\" class=\"qodef-e-info-item qodef-e-info-date entry-date \">\n\t<a itemprop=\"url\" href=\"https:\/\/vegagroup.al\/sq\/2025\/03\/\">\n\t\t11 Mar\t<\/a>\n<\/div>\n\t\t<\/div>\n\t\t<div class=\"qodef-e-content\">\n\t\t\t\t\t\t\t<div class=\"qodef-e-info qodef-info--top\">\n\t\t\t\t\t<div class=\"qodef-e-info-item qodef-e-info-category\">\n\t\t<a href=\"https:\/\/vegagroup.al\/sq\/kategoria\/blog-sq\/vega-group-sq\/\" rel=\"category tag\">VEGA Group<\/a><span class=\"qodef-category-separator\"><\/span><a href=\"https:\/\/vegagroup.al\/sq\/kategoria\/blog-sq\/\" rel=\"category tag\">Blog<\/a><\/div>\n\t\t\t\t<\/div>\n\t\t\t\t\t\t<div class=\"qodef-e-text\">\n\t\t\t\t<h5 itemprop=\"name\" class=\"qodef-e-title entry-title\">\n\t<a itemprop=\"url\" class=\"qodef-e-title-link\" href=\"https:\/\/vegagroup.al\/sq\/vega-group-ne-panairin-key-the-energy-transition-expo-2025-inovacion-dhe-zgjidhje-te-reja-per-energjine-e-rinovueshme\/\">\n\t\tVEGA Group n\u00eb Panairin \u201cKEY &#8211; The Energy Transition Expo 2025\u201d: Inovacion dhe zgjidhje t\u00eb reja p\u00ebr Energjin\u00eb e Rinovueshme\t<\/a>\n<\/h5>\n\t\t<p itemprop=\"description\" class=\"qodef-e-excerpt\">\n\t\t\tRimini Expo Centre n\u00eb Itali u shnd\u00ebrrua n\u00eb nj\u00eb qend\u00ebr inovacioni p\u00ebr energjin\u00eb e rinovueshme n\u00eb datat 5-7 mars 2025, fal\u00eb Panairit &#8220;KEY &#8211; The Energy Transition\t\t<\/p>\n\t\t\t\t<\/div>\n\t\t\t\t\t<\/div>\n\t<\/div>\n<\/article>\n\t<\/div>\n\t\t<div class=\"qodef-addons-m-pagination qodef--standard\">\n\t\t<nav class=\"navigation pagination\" role=\"navigation\" aria-label=\"Posts\">\n\t\t\t<h2 class=\"screen-reader-text\">Posts navigation<\/h2>\n\t\t\t<div class=\"nav-links\">\n\t\t\t\t<span aria-current=\"page\" class=\"page-numbers current\">1<\/span>\n<a class=\"page-numbers\" href=\"https:\/\/vegagroup.al\/sq\/wp-json\/wp\/v2\/pages\/22278\/page\/2\/\">2<\/a>\n<a class=\"page-numbers\" href=\"https:\/\/vegagroup.al\/sq\/wp-json\/wp\/v2\/pages\/22278\/page\/3\/\">3<\/a>\n<a class=\"page-numbers\" href=\"https:\/\/vegagroup.al\/sq\/wp-json\/wp\/v2\/pages\/22278\/page\/4\/\">4<\/a>\n<a class=\"next page-numbers\" href=\"https:\/\/vegagroup.al\/sq\/wp-json\/wp\/v2\/pages\/22278\/page\/2\/\"><svg class=\"qodef-m-pagination-icon\" xmlns=\"http:\/\/www.w3.org\/2000\/svg\" x=\"0px\" y=\"0px\" viewBox=\"0 0 34.2 32.3\" xml:space=\"preserve\" style=\"stroke-width: 2;\"><line x1=\"0\" y1=\"16\" x2=\"33\" y2=\"16\"\/><line x1=\"17.3\" y1=\"0.7\" x2=\"33.2\" y2=\"16.5\"\/><line x1=\"17.3\" y1=\"31.6\" x2=\"33.5\" y2=\"15.4\"\/><\/svg><\/a>\t\t\t<\/div>\n\t\t<\/nav>\n\t<\/div>\n<\/div>\n\t\t\t\t<\/div>\n\t\t\t\t<\/div>\n\t\t\t\t\t<\/div>\n\t\t\t\t<\/div>\n\t\t\t\t<\/div>\n\t\t","protected":false},"excerpt":{"rendered":"<p>Blogu yn\u00eb 24 Feb VEGA EnergyBlogVEGA Solar Top solar energy trends shaping the renewable market in 2025 The solar energy sector is experiencing rapid advancements, driven by technological innovations, policy shifts, and increasing global demand for clean energy. As we move into 2025, 10 Feb VEGA SolarBlogVEGA Energy Comparing Solar Panel Technologies: Monocrystalline vs. Polycrystalline [&hellip;]<\/p>\n","protected":false},"author":1,"featured_media":0,"parent":0,"menu_order":0,"comment_status":"closed","ping_status":"closed","template":"page-full-width.php","meta":{"_acf_changed":false,"footnotes":""},"class_list":["post-22278","page","type-page","status-publish","hentry"],"acf":[],"_links":{"self":[{"href":"https:\/\/vegagroup.al\/sq\/wp-json\/wp\/v2\/pages\/22278","targetHints":{"allow":["GET"]}}],"collection":[{"href":"https:\/\/vegagroup.al\/sq\/wp-json\/wp\/v2\/pages"}],"about":[{"href":"https:\/\/vegagroup.al\/sq\/wp-json\/wp\/v2\/types\/page"}],"author":[{"embeddable":true,"href":"https:\/\/vegagroup.al\/sq\/wp-json\/wp\/v2\/users\/1"}],"replies":[{"embeddable":true,"href":"https:\/\/vegagroup.al\/sq\/wp-json\/wp\/v2\/comments?post=22278"}],"version-history":[{"count":15,"href":"https:\/\/vegagroup.al\/sq\/wp-json\/wp\/v2\/pages\/22278\/revisions"}],"predecessor-version":[{"id":24298,"href":"https:\/\/vegagroup.al\/sq\/wp-json\/wp\/v2\/pages\/22278\/revisions\/24298"}],"wp:attachment":[{"href":"https:\/\/vegagroup.al\/sq\/wp-json\/wp\/v2\/media?parent=22278"}],"curies":[{"name":"wp","href":"https:\/\/api.w.org\/{rel}","templated":true}]}}