{"id":24503,"date":"2025-05-01T23:20:23","date_gmt":"2025-05-01T23:20:23","guid":{"rendered":"https:\/\/vegagroup.al\/vegaelectric\/privacy-policy-vega-electric\/"},"modified":"2025-05-01T23:20:24","modified_gmt":"2025-05-01T23:20:24","slug":"privacy-policy-vega-electric","status":"publish","type":"page","link":"https:\/\/vegagroup.al\/sq\/vegaelectric\/privacy-policy-vega-electric\/","title":{"rendered":"Politika e privat\u00ebsis\u00eb"},"content":{"rendered":"\t\t<div data-elementor-type=\"wp-page\" data-elementor-id=\"24503\" class=\"elementor elementor-24503 elementor-24451\" data-elementor-post-type=\"page\">\n\t\t\t\t<div class=\"elementor-element elementor-element-744b227 e-flex e-con-boxed e-con e-parent\" data-id=\"744b227\" data-element_type=\"container\">\n\t\t\t\t\t<div class=\"e-con-inner\">\n\t\t\t\t<div class=\"elementor-element elementor-element-b5967fc elementor-widget elementor-widget-text-editor\" data-id=\"b5967fc\" data-element_type=\"widget\" data-widget_type=\"text-editor.default\">\n\t\t\t\t<div class=\"elementor-widget-container\">\n\t\t\t\t\t\t\t\t\t<p><em>P\u00ebrdit\u00ebsimi i fundit Prill 2025<\/em><\/p>\n<\/p>\n<p><strong><u>Informacion rreth nesh<\/u><\/strong><\/p>\n<p>\u201cVEGA ELECTRIC\u201d SHPK, \u00ebsht\u00eb e regjistruar n\u00eb Qendr\u00ebn Komb\u00ebtare t\u00eb Regjistrimit, me Nipt: L93611402B dhe adres\u00eb Vor\u00eb, Prestige Industrial Park, Rruga Dyt\u00ebsore Tiran\u00eb &#8211; Vor\u00eb, km 14 Picar, Vor\u00eb, Tiran\u00eb.<\/p>\n<p>N\u00ebp\u00ebrmjet k\u00ebtij Njoftimi t\u00eb Privat\u00ebsis\u00eb, ju informojm\u00eb mbi m\u00ebnyr\u00ebn se si menaxhohen t\u00eb dh\u00ebnat tuaja personale gjat\u00eb vizit\u00ebs apo nd\u00ebrveprimit me faqen ton\u00eb zyrtare n\u00eb web. Ky njoftim p\u00ebrfshin q\u00ebllimin e p\u00ebrpunimit t\u00eb t\u00eb dh\u00ebnave, parimet q\u00eb ndiqen p\u00ebr mbrojtjen e tyre, si dhe t\u00eb drejtat tuaja n\u00eb p\u00ebrputhje me Ligjin Nr. 9887, dat\u00eb 10.3.2008 \u201cP\u00ebr Mbrojtjen e t\u00eb Dh\u00ebnave Personale\u201d, i ndryshuar.<\/p>\n<p>VEGA ELECTRIC ju siguron se ka nd\u00ebrmarr\u00eb t\u00eb gjitha masat e nevojshme teknike dhe organizative t\u00eb siguris\u00eb, me q\u00ebllim mbrojtjen e \u00e7do informacioni q\u00eb ju na besoni gjat\u00eb p\u00ebrdorimit t\u00eb sh\u00ebrbimeve t\u00eb ofruara p\u00ebrmes k\u00ebsaj faqeje.<\/p>\n<\/p>\n<p>Ju lutem, lexoni me kujdes k\u00ebt\u00eb njoftim sepse ofron informacion t\u00eb r\u00ebnd\u00ebsish\u00ebm mbi p\u00ebrdorimin e t\u00eb dh\u00ebnave n\u00eb faqen ton\u00eb t\u00eb internetit.<\/p>\n<\/p>\n<p><strong>P\u00ebrkufizimet<\/strong><\/p>\n<p>P\u00ebr q\u00ebllim t\u00eb k\u00ebtij njoftimi p\u00ebrkufizimet e p\u00ebrdorura kan\u00eb kuptimin sipas Ligjin Nr. 9887, dat\u00eb 10.3.2008 \u201cP\u00ebr Mbrojtjen e t\u00eb Dh\u00ebnave Personale\u201d, i p\u00ebrdit\u00ebsuar.<\/p>\n<p><strong>\u201cT\u00eb dh\u00ebna personale\u201d &#8211; <\/strong>\u00ebsht\u00eb \u00e7do informacion n\u00eb lidhje me nj\u00eb person fizik, t\u00eb identifikuar ose t\u00eb identifikuesh\u00ebm, direkt ose indirekt, n\u00eb ve\u00e7anti duke iu referuar nj\u00eb numri identifikimi ose nj\u00eb a m\u00eb shum\u00eb faktor\u00ebve t\u00eb ve\u00e7ant\u00eb p\u00ebr identitetin e tij fizik, fiziologjik, mendor, ekonomik, kulturor apo social.<\/p>\n<p><strong>\u201cP\u00ebrpunim i t\u00eb dh\u00ebnave personale\u201d &#8211;<\/strong> \u00ebsht\u00eb \u00e7do veprim ose grup veprimesh, t\u00eb cilat jan\u00eb kryer mbi t\u00eb dh\u00ebnat personale, me mjete automatike ose jo, t\u00eb tilla si mbledhja, regjistrimi, organizimi, ruajtja, p\u00ebrshtatja ose ndryshimi, rikthimi, konsultimi, shfryt\u00ebzimi, transmetimi, shp\u00ebrndarja ose ndryshe duke v\u00ebn\u00eb n\u00eb dispozicion, shtrirja ose kombinimi, fotografimi, pasqyrimi, hedhja, plot\u00ebsimi, seleksionimi, bllokimi, asgj\u00ebsimi ose shkat\u00ebrrimi, edhe n\u00eb qoft\u00eb se nuk jan\u00eb t\u00eb regjistruara n\u00eb nj\u00eb bank\u00eb t\u00eb dh\u00ebnash.<\/p>\n<p><strong>\u201cKontrollues\u201d &#8211; <\/strong>\u00ebsht\u00eb \u00e7do person fizik ose juridik, autoritet publik, agjenci apo ndonj\u00eb organ tjet\u00ebr q\u00eb, vet\u00ebm apo s\u00eb bashku me t\u00eb tjer\u00eb, p\u00ebrcakton q\u00ebllimet dhe m\u00ebnyrat e p\u00ebrpunimit t\u00eb t\u00eb dh\u00ebnave personale, n\u00eb p\u00ebrputhje me ligjet dhe aktet n\u00ebnligjore t\u00eb fush\u00ebs, dhe p\u00ebrgjigjet p\u00ebr p\u00ebrmbushjen e detyrimeve t\u00eb p\u00ebrcaktuara n\u00eb k\u00ebt\u00eb ligj.<\/p>\n<p><strong>\u201cP\u00eblqim i subjekteve t\u00eb t\u00eb dh\u00ebnave\u201d &#8211; <\/strong>\u00ebsht\u00eb \u00e7do deklarat\u00eb me shkrim, e dh\u00ebn\u00eb shprehimisht me vullnet t\u00eb plot\u00eb e t\u00eb lir\u00eb dhe duke qen\u00eb n\u00eb dijeni t\u00eb plot\u00eb p\u00ebr arsyen pse t\u00eb dh\u00ebnat do t\u00eb p\u00ebrpunohen, \u00e7ka n\u00ebnkupton q\u00eb subjekti i t\u00eb dh\u00ebnave pranon q\u00eb t\u00eb p\u00ebrpunohen t\u00eb dh\u00ebnat e tij.<\/p>\n<\/p>\n<p><strong><u>T\u00eb dh\u00ebnat personale q\u00eb p\u00ebrpunohen<\/u><\/strong><\/p>\n<p>VEGA ELECTRIC mund t\u00eb mbledh\u00eb dhe p\u00ebrdor\u00eb t\u00eb dh\u00ebna personale t\u00eb p\u00ebrdoruesve t\u00eb cilat jepen vullnetarisht gjat\u00eb p\u00ebrdorimit t\u00eb sh\u00ebrbimeve n\u00eb faqen ton\u00eb. K\u00ebto t\u00eb dh\u00ebna p\u00ebrpunohen vet\u00ebm p\u00ebr q\u00ebllime t\u00eb ofrimit t\u00eb sh\u00ebrbimit, n\u00eb p\u00ebrputhje me Ligjin Nr. 9887, dat\u00eb 10.3.2008 \u201cP\u00ebr Mbrojtjen e t\u00eb Dh\u00ebnave Personale\u201d, i ndryshuar, si dhe me Politik\u00ebn ton\u00eb t\u00eb Privat\u00ebsis\u00eb.<\/p>\n<p>T\u00eb dh\u00ebnat ruhen p\u00ebr aq koh\u00eb sa \u00ebsht\u00eb e nevojshme p\u00ebr p\u00ebrmbushjen e q\u00ebllimeve t\u00eb ligjshme t\u00eb biznesit dhe n\u00eb p\u00ebrputhje me afatet ligjore dhe rregullative. P\u00ebrdoruesit jan\u00eb p\u00ebrgjegj\u00ebs p\u00ebr njoftimin e \u00e7do ndryshimi n\u00eb t\u00eb dh\u00ebnat e tyre personale q\u00eb ndikon n\u00eb ofrimin e sh\u00ebrbimit.<\/p>\n<p>Sh\u00ebrbimet tona nuk jan\u00eb t\u00eb destinuara p\u00ebr p\u00ebrdoruesit n\u00ebn mosh\u00ebn 18 vje\u00e7 dhe ne nuk mbledhim n\u00eb m\u00ebnyr\u00eb t\u00eb vet\u00ebdijshme informacion nga individ\u00ebt n\u00eb k\u00ebt\u00eb grupmosh\u00eb.<\/p>\n<p>VEGA ELECTRIC nuk mbledh apo p\u00ebrpunon \u201ct\u00eb dh\u00ebna sensitive\u201d si\u00e7 jan\u00eb ato q\u00eb lidhen me origjin\u00ebn etnike, bindjet politike, fetare apo filozofike, an\u00ebtar\u00ebsin\u00eb n\u00eb sindikata, d\u00ebnimet penale, sh\u00ebndetin apo jet\u00ebn seksuale.<\/p>\n<p><strong><u>Cilat jan\u00eb t\u00eb drejtat tuaja si Subjekt i t\u00eb dh\u00ebnave?<\/u><\/strong><\/p>\n<p>Si p\u00ebrdorues i platform\u00ebs son\u00eb, n\u00eb momentin q\u00eb t\u00eb dh\u00ebnat tuaja p\u00ebrpunohen ju keni disa t\u00eb drejta t\u00eb garantuara me legjislacionin n\u00eb fuqi p\u00ebr mbrojtjen e t\u00eb dh\u00ebnave personale, p\u00ebr t\u00eb cilat ne duhet t\u00eb ju v\u00ebm\u00eb n\u00eb dijeni.<\/p>\n<p><strong>-E drejta juaj p\u00ebr akses n\u00eb t\u00eb dh\u00ebnat personale<\/strong><\/p>\n<p>\u00c7do person ka t\u00eb drejt\u00eb q\u00eb, pa pages\u00eb, me k\u00ebrkes\u00eb me shkrim, t\u00eb k\u00ebrkoj\u00eb konfirmim n\u00ebse t\u00eb dh\u00ebnat personale po i p\u00ebrpunohen ose jo, informacion p\u00ebr q\u00ebllimin e p\u00ebrpunimit, p\u00ebr kategorit\u00eb e t\u00eb dh\u00ebnave sipas Ligjit Nr.9887, dat\u00eb 10.3.2008 \u201cP\u00ebr mbrojtjen e t\u00eb dh\u00ebnave personale\u201d.<\/p>\n<p><strong>-E drejta juaj p\u00ebr korrigjim t\u00eb t\u00eb dh\u00ebnave personale<\/strong><\/p>\n<p>Ju keni t\u00eb drejt\u00ebn t\u00eb k\u00ebrkoni nga ne q\u00eb t\u00eb korrigjojm\u00eb informacionin personal q\u00eb mendoni se \u00ebsht\u00eb i pasakt\u00eb. Ju gjithashtu keni t\u00eb drejt\u00eb t\u00eb na k\u00ebrkoni t\u00eb plot\u00ebsojm\u00eb informacionin q\u00eb mendoni se \u00ebsht\u00eb i paplot\u00eb.<\/p>\n<p><strong>-E drejta juaj p\u00ebr t\u00eb fshir\u00eb t\u00eb dh\u00ebnat personale<\/strong><\/p>\n<p>Ju keni t\u00eb drejt\u00eb t\u00eb na k\u00ebrkoni q\u00eb t\u00eb fshijm\u00eb t\u00eb dh\u00ebnat tuaja personale, kjo e drejt\u00eb aplikohet n\u00eb rrethana t\u00eb caktuara. Ne do t\u00eb fshijm\u00eb t\u00eb dh\u00ebnat tuaja n\u00ebse ato nuk na nevojiten m\u00eb p\u00ebr q\u00ebllimin p\u00ebr t\u00eb cil\u00ebn jan\u00eb mbledhur ose p\u00ebrpunuar. <\/p>\n<p><strong>-E drejta juaj p\u00ebr t\u00eb kund\u00ebrshtuar p\u00ebrpunimin e t\u00eb dh\u00ebnave personale<\/strong><\/p>\n<p>Ju keni t\u00eb drejt\u00eb t\u00eb kund\u00ebrshtoni p\u00ebrpunimi e t\u00eb dh\u00ebnave personale n\u00eb lidhje me ju, sipas dispozitave p\u00ebrkat\u00ebse ligjore.<\/p>\n<p><strong>-E drejta juaj p\u00ebr t\u00eb paraqitur ankes\u00eb <\/strong><\/p>\n<p>\u00c7do person, q\u00eb pretendon se i jan\u00eb shkelur t\u00eb drejtat, lirit\u00eb dhe interesat e ligjsh\u00ebm t\u00eb garantuara me Ligjin p\u00ebr Mbrojtjen e t\u00eb Dh\u00ebnave Personale, ka t\u00eb drejt\u00eb t\u00eb ankohet ose t\u00eb njoftoj\u00eb Zyr\u00ebn e Komisionerit dhe t\u00eb k\u00ebrkoj\u00eb nd\u00ebrhyrjen e saj p\u00ebr v\u00ebnien n\u00eb vend t\u00eb s\u00eb drejt\u00ebs s\u00eb shkelur. Pas k\u00ebtij ankimi, n\u00eb p\u00ebrputhje me Kodin e Procedur\u00ebs Civile, \u201csubjekti i t\u00eb dh\u00ebnave\u201d mund t\u00eb ankohet n\u00eb gjykat\u00eb. <\/p>\n<p><strong><em> <\/em><\/strong><\/p>\n<p><strong>\u201cCookies\u201d<\/strong><\/p>\n<p>\u201cCookies\u201d jan\u00eb skedar\u00eb me sasi t\u00eb vog\u00ebl t\u00eb dh\u00ebnash, q\u00eb p\u00ebrdoren zakonisht si identifikues unik\u00eb anonim\u00eb. K\u00ebta t\u00eb fundit d\u00ebrgohen n\u00eb faqen tuaj kryesore t\u00eb k\u00ebrkimit nga faqet e ndryshme n\u00eb internet, t\u00eb cilat ju i vizitoni dhe ruhen n\u00eb memorien e brendshme t\u00eb pajisjes suaj. Ky Sh\u00ebrbim nuk p\u00ebrdor \u201ccookies\u201d, e megjithat\u00eb, aplikacioni mund t\u00eb p\u00ebrdor\u00eb kode apo librari t\u00eb pal\u00ebve t\u00eb treta, t\u00eb cilat p\u00ebrdorin \u201ccookies\u201d p\u00ebr t\u00eb grumbulluar informacione dhe p\u00ebrmir\u00ebsuar sh\u00ebrbimet e tyre. Ju keni opsionin q\u00eb ose t\u00eb pranoni, ose t\u00eb refuzoni k\u00ebto t\u00eb fundit dhe t\u00eb njoftoheni kur nj\u00eb \u201ccookie\u201d po d\u00ebrgohet n\u00eb pajisjen tuaj. N\u00ebse zgjidhni t\u00eb refuzoni \u201ccookies\u201d, ndoshta nuk do t\u00eb keni mund\u00ebsi t\u00eb p\u00ebrdorni disa pjes\u00eb t\u00eb k\u00ebtij Sh\u00ebrbimi.<\/p>\n<\/p>\n<p><strong><u>Lidhja me faqet e tjera t\u00eb internetit<\/u><\/strong><\/p>\n<p>VEGA ELECTRIC nd\u00ebrvepron me klient\u00ebt e saj edhe p\u00ebrmes platformave t\u00eb rrjeteve sociale si Facebook\u00ae, Instagram\u00ae, YouTube\u00ae dhe LinkedIn\u00ae. Ky Njoftim i Privat\u00ebsis\u00eb aplikohet vet\u00ebm p\u00ebr faqen ton\u00eb t\u00eb internetit _____________, ndaj nuk kemi asnj\u00eb ndikim n\u00eb t\u00eb dh\u00ebnat q\u00eb mbledhin dhe p\u00ebrpunojn\u00eb faqet e tjera t\u00eb internetit.<\/p>\n<p>Ju rekomandojm\u00eb q\u00eb p\u00ebr faqet e tjera t\u00eb interentit t\u00eb lexoni njoftimet e tyre t\u00eb privat\u00ebsis\u00eb lidhur me p\u00ebrpunimin e t\u00eb dh\u00ebnave personale.<\/p>\n<\/p>\n<p><strong>Ndryshimet n\u00eb Politik\u00ebn e Privat\u00ebsis\u00eb<\/strong><\/p>\n<p>Her\u00eb pas here, ne mund t\u00eb p\u00ebrdit\u00ebsojm\u00eb Politik\u00ebn ton\u00eb t\u00eb Privat\u00ebsis\u00eb. P\u00ebr rrjedhoj\u00eb, ju k\u00ebshillojm\u00eb ta vizitoni k\u00ebt\u00eb faqe n\u00eb m\u00ebnyr\u00eb periodike p\u00ebr ndryshimet q\u00eb mund t\u00eb jen\u00eb kryer. Ne do t\u2019ju njoftojm\u00eb p\u00ebr \u00e7do ndryshim duke publikuar Politik\u00ebn e Re t\u00eb privat\u00ebsis\u00eb n\u00eb k\u00ebt\u00eb faqe.<\/p>\n<\/p>\n<p><strong>Na kontaktoni<\/strong><\/p>\n<p>N\u00ebse keni pyetje apo sugjerime rreth Politik\u00ebs son\u00eb t\u00eb Privat\u00ebsis\u00eb, mos ngurroni t\u00eb na kontaktoni n\u00eb: ___________<\/p>\n\t\t\t\t\t\t\t\t<\/div>\n\t\t\t\t<\/div>\n\t\t\t\t\t<\/div>\n\t\t\t\t<\/div>\n\t\t\t\t<\/div>\n\t\t","protected":false},"excerpt":{"rendered":"<p>P\u00ebrdit\u00ebsimi i fundit Prill 2025 Informacion rreth nesh \u201cVEGA ELECTRIC\u201d SHPK, \u00ebsht\u00eb e regjistruar n\u00eb Qendr\u00ebn Komb\u00ebtare t\u00eb Regjistrimit, me Nipt: L93611402B dhe adres\u00eb Vor\u00eb, Prestige Industrial Park, Rruga Dyt\u00ebsore Tiran\u00eb &#8211; Vor\u00eb, km 14 Picar, Vor\u00eb, Tiran\u00eb. N\u00ebp\u00ebrmjet k\u00ebtij Njoftimi t\u00eb Privat\u00ebsis\u00eb, ju informojm\u00eb mbi m\u00ebnyr\u00ebn se si menaxhohen t\u00eb dh\u00ebnat tuaja personale gjat\u00eb [&hellip;]<\/p>\n","protected":false},"author":4,"featured_media":22021,"parent":22312,"menu_order":0,"comment_status":"closed","ping_status":"closed","template":"","meta":{"_acf_changed":false,"footnotes":""},"class_list":["post-24503","page","type-page","status-publish","has-post-thumbnail","hentry"],"acf":[],"_links":{"self":[{"href":"https:\/\/vegagroup.al\/sq\/wp-json\/wp\/v2\/pages\/24503","targetHints":{"allow":["GET"]}}],"collection":[{"href":"https:\/\/vegagroup.al\/sq\/wp-json\/wp\/v2\/pages"}],"about":[{"href":"https:\/\/vegagroup.al\/sq\/wp-json\/wp\/v2\/types\/page"}],"author":[{"embeddable":true,"href":"https:\/\/vegagroup.al\/sq\/wp-json\/wp\/v2\/users\/4"}],"replies":[{"embeddable":true,"href":"https:\/\/vegagroup.al\/sq\/wp-json\/wp\/v2\/comments?post=24503"}],"version-history":[{"count":1,"href":"https:\/\/vegagroup.al\/sq\/wp-json\/wp\/v2\/pages\/24503\/revisions"}],"predecessor-version":[{"id":24504,"href":"https:\/\/vegagroup.al\/sq\/wp-json\/wp\/v2\/pages\/24503\/revisions\/24504"}],"up":[{"embeddable":true,"href":"https:\/\/vegagroup.al\/sq\/wp-json\/wp\/v2\/pages\/22312"}],"wp:featuredmedia":[{"embeddable":true,"href":"https:\/\/vegagroup.al\/sq\/wp-json\/wp\/v2\/media\/22021"}],"wp:attachment":[{"href":"https:\/\/vegagroup.al\/sq\/wp-json\/wp\/v2\/media?parent=24503"}],"curies":[{"name":"wp","href":"https:\/\/api.w.org\/{rel}","templated":true}]}}